{"id":15088,"date":"2025-12-16T19:26:21","date_gmt":"2025-12-16T19:26:21","guid":{"rendered":"https:\/\/instituteforregenerativeai.com\/?page_id=15088"},"modified":"2025-12-17T07:35:03","modified_gmt":"2025-12-17T07:35:03","slug":"kontakt","status":"publish","type":"page","link":"https:\/\/instituteforregenerativeai.com\/de\/kontakt\/","title":{"rendered":"Kontakt"},"content":{"rendered":"\t\t<div data-elementor-type=\"wp-page\" data-elementor-id=\"15088\" class=\"elementor elementor-15088\">\n\t\t\t\t\t\t<section class=\"elementor-section elementor-top-section elementor-element elementor-element-8e77d63 elementor-section-full_width elementor-section-stretched elementor-section-height-default elementor-section-height-default\" data-id=\"8e77d63\" data-element_type=\"section\" data-e-type=\"section\" data-settings=\"{&quot;stretch_section&quot;:&quot;section-stretched&quot;}\">\n\t\t\t\t\t\t<div class=\"elementor-container elementor-column-gap-no\">\n\t\t\t\t\t<div class=\"elementor-column elementor-col-100 elementor-top-column elementor-element elementor-element-5234dfc\" data-id=\"5234dfc\" data-element_type=\"column\" data-e-type=\"column\">\n\t\t\t<div class=\"elementor-widget-wrap elementor-element-populated\">\n\t\t\t\t\t\t<section class=\"elementor-section elementor-inner-section elementor-element elementor-element-a04bc6f elementor-section-height-min-height elementor-section-boxed elementor-section-height-default\" data-id=\"a04bc6f\" data-element_type=\"section\" data-e-type=\"section\" data-settings=\"{&quot;background_background&quot;:&quot;classic&quot;}\">\n\t\t\t\t\t\t<div class=\"elementor-container elementor-column-gap-default\">\n\t\t\t\t\t<div class=\"elementor-column elementor-col-50 elementor-inner-column elementor-element elementor-element-fe8df17\" data-id=\"fe8df17\" data-element_type=\"column\" data-e-type=\"column\">\n\t\t\t<div class=\"elementor-widget-wrap elementor-element-populated\">\n\t\t\t\t\t\t<div class=\"elementor-element elementor-element-0e2be06 elementor-widget elementor-widget-text-editor\" data-id=\"0e2be06\" data-element_type=\"widget\" data-e-type=\"widget\" data-widget_type=\"text-editor.default\">\n\t\t\t\t<div class=\"elementor-widget-container\">\n\t\t\t\t\t\t\t\t\t<h3 data-start=\"287\" data-end=\"343\">KI-Entscheidungsrisiken werden oft zu sp\u00e4t erkannt.<\/h3><p data-start=\"344\" data-end=\"386\">Wir helfen, sie fr\u00fcher sichtbar zu machen.<\/p><p data-start=\"388\" data-end=\"696\">Das <strong data-start=\"392\" data-end=\"414\">Regen AI Institute<\/strong> unterst\u00fctzt Organisationen, die <strong data-start=\"447\" data-end=\"485\">KI-gest\u00fctzte Entscheidungsprozesse<\/strong> einsetzen oder skalieren, bei der fr\u00fchzeitigen Identifikation von <strong data-start=\"552\" data-end=\"616\">Entscheidungsrisiken, kognitivem Drift und Governance-L\u00fccken<\/strong> \u2014 bevor diese zu operativen, regulatorischen oder reputativen Problemen f\u00fchren.<\/p><p data-start=\"698\" data-end=\"873\">Wir verkaufen keine Software.<br data-start=\"727\" data-end=\"730\" \/>Wir implementieren keine Modelle.<br data-start=\"763\" data-end=\"766\" \/>Wir beurteilen, ob KI-basierte Entscheidungen <strong data-start=\"812\" data-end=\"867\">dauerhaft ausgerichtet, steuerbar und verantwortbar<\/strong> sind.<\/p>\t\t\t\t\t\t\t\t<\/div>\n\t\t\t\t<\/div>\n\t\t\t\t\t<\/div>\n\t\t<\/div>\n\t\t\t\t<div class=\"elementor-column elementor-col-50 elementor-inner-column elementor-element elementor-element-37af403\" data-id=\"37af403\" data-element_type=\"column\" data-e-type=\"column\">\n\t\t\t<div class=\"elementor-widget-wrap elementor-element-populated\">\n\t\t\t\t\t\t<div class=\"elementor-element elementor-element-b02254b fluent-form-widget-step-header-yes fluent-form-widget-step-progressbar-yes fluentform-widget-submit-button-custom elementor-widget elementor-widget-fluent-form-widget\" data-id=\"b02254b\" data-element_type=\"widget\" data-e-type=\"widget\" data-widget_type=\"fluent-form-widget.default\">\n\t\t\t\t<div class=\"elementor-widget-container\">\n\t\t\t\t\t\n            <div class=\"fluentform-widget-wrapper fluentform-widget-align-default\">\n\n            \n            <div class='fluentform ff-default fluentform_wrapper_3 ffs_default_wrap'><form data-form_id=\"3\" id=\"fluentform_3\" class=\"frm-fluent-form fluent_form_3 ff-el-form-top ff_form_instance_3_1 ff-form-loading ffs_default\" data-form_instance=\"ff_form_instance_3_1\" method=\"POST\" ><fieldset  style=\"border: none!important;margin: 0!important;padding: 0!important;background-color: transparent!important;box-shadow: none!important;outline: none!important; min-inline-size: 100%;\">\n                    <legend class=\"ff_screen_reader_title\" style=\"display: block; margin: 0!important;padding: 0!important;height: 0!important;text-indent: -999999px;width: 0!important;overflow:hidden;\">Contact Form Demo (#3)<\/legend><p style=\"display: none !important;\" class=\"akismet-fields-container\" data-prefix=\"ak_\"><label>&#916;<textarea name=\"ak_hp_textarea\" cols=\"45\" rows=\"8\" maxlength=\"100\"><\/textarea><\/label><input type=\"hidden\" id=\"ak_js_1\" name=\"ak_js\" value=\"114\"\/><script>document.getElementById( \"ak_js_1\" ).setAttribute( \"value\", ( new Date() ).getTime() );<\/script><\/p><input type='hidden' name='__fluent_form_embded_post_id' value='15088' \/><input type=\"hidden\" id=\"_fluentform_3_fluentformnonce\" name=\"_fluentform_3_fluentformnonce\" value=\"62b21ffa25\" \/><input type=\"hidden\" name=\"_wp_http_referer\" value=\"\/de\/wp-json\/wp\/v2\/pages\/15088\" \/><div data-type=\"name-element\" data-name=\"names\" class=\" ff-field_container ff-name-field-wrapper\" ><div class='ff-t-container'><div class='ff-t-cell '><div class='ff-el-group'><div class=\"ff-el-input--label asterisk-right\"><label for='ff_3_names_first_name_' id='label_ff_3_names_first_name_' >First Name<\/label><\/div><div class='ff-el-input--content'><input type=\"text\" name=\"names[first_name]\" id=\"ff_3_names_first_name_\" class=\"ff-el-form-control\" placeholder=\"First Name\" aria-invalid=\"false\" aria-required=false><\/div><\/div><\/div><div class='ff-t-cell '><div class='ff-el-group'><div class=\"ff-el-input--label asterisk-right\"><label for='ff_3_names_last_name_' id='label_ff_3_names_last_name_' >Last Name<\/label><\/div><div class='ff-el-input--content'><input type=\"text\" name=\"names[last_name]\" id=\"ff_3_names_last_name_\" class=\"ff-el-form-control\" placeholder=\"Last Name\" aria-invalid=\"false\" aria-required=false><\/div><\/div><\/div><\/div><\/div><div class='ff-el-group'><div class=\"ff-el-input--label ff-el-is-required asterisk-right\"><label for='ff_3_email' id='label_ff_3_email' aria-label=\"Email\">Email<\/label><\/div><div class='ff-el-input--content'><input type=\"email\" name=\"email\" id=\"ff_3_email\" class=\"ff-el-form-control\" placeholder=\"Email Address\" data-name=\"email\"  aria-invalid=\"false\" aria-required=true><\/div><\/div><div class='ff-el-group'><div class=\"ff-el-input--label asterisk-right\"><label for='ff_3_url' id='label_ff_3_url' aria-label=\"URL\">URL<\/label><\/div><div class='ff-el-input--content'><input type=\"url\" name=\"url\" class=\"ff-el-form-control\" data-name=\"url\" id=\"ff_3_url\"  aria-invalid=\"false\" aria-required=false><\/div><\/div><div class='ff-el-group'><div class=\"ff-el-input--label asterisk-right\"><label for='ff_3_subject' id='label_ff_3_subject' aria-label=\"Subject\">Subject<\/label><\/div><div class='ff-el-input--content'><input type=\"text\" name=\"subject\" class=\"ff-el-form-control\" placeholder=\"Subject\" data-name=\"subject\" id=\"ff_3_subject\"  aria-invalid=\"false\" aria-required=false><\/div><\/div><div class='ff-el-group'><div class=\"ff-el-input--label ff-el-is-required asterisk-right\"><label for='ff_3_message' id='label_ff_3_message' aria-label=\"Your Message\">Your Message<\/label><\/div><div class='ff-el-input--content'><textarea aria-required=\"true\" aria-labelledby=\"label_ff_3_message\" name=\"message\" id=\"ff_3_message\" class=\"ff-el-form-control\" placeholder=\"Your Message\" rows=\"4\" cols=\"2\" data-name=\"message\" ><\/textarea><\/div><\/div><div class='ff-el-group ff-text-left ff_submit_btn_wrapper'><button type=\"submit\" class=\"ff-btn ff-btn-submit ff-btn-md ff_btn_style\"  aria-label=\"Get A Quote\">Get A Quote<\/button><\/div><\/fieldset><\/form><div id='fluentform_3_errors' class='ff-errors-in-stack ff_form_instance_3_1 ff-form-loading_errors ff_form_instance_3_1_errors'><\/div><\/div>            <script type=\"text\/javascript\">\n                window.fluent_form_ff_form_instance_3_1 = {\"id\":\"3\",\"settings\":{\"layout\":{\"labelPlacement\":\"top\",\"asteriskPlacement\":\"asterisk-right\",\"helpMessagePlacement\":\"with_label\",\"errorMessagePlacement\":\"inline\",\"cssClassName\":\"\"},\"restrictions\":{\"denyEmptySubmission\":{\"enabled\":false}}},\"form_instance\":\"ff_form_instance_3_1\",\"form_id_selector\":\"fluentform_3\",\"rules\":{\"names[first_name]\":{\"required\":{\"value\":false,\"message\":\"Dieses Feld ist erforderlich\",\"global\":true,\"global_message\":\"This field is required\"}},\"names[middle_name]\":{\"required\":{\"value\":false,\"message\":\"Dieses Feld ist erforderlich\",\"global\":true,\"global_message\":\"This field is required\"}},\"names[last_name]\":{\"required\":{\"value\":false,\"message\":\"Dieses Feld ist erforderlich\",\"global\":true,\"global_message\":\"This field is required\"}},\"email\":{\"required\":{\"value\":true,\"message\":\"Dieses Feld ist erforderlich\",\"global\":true,\"global_message\":\"This field is required\"},\"email\":{\"value\":true,\"message\":\"Dieses Feld muss eine g\\u00fcltige E-Mail-Adresse enthalten\",\"global\":true,\"global_message\":\"This field must contain a valid email\"}},\"url\":{\"required\":{\"value\":false,\"message\":\"Dieses Feld ist erforderlich\",\"global_message\":\"This field is required\",\"global\":true},\"url\":{\"value\":true,\"message\":\"Dieses Feld muss eine g\\u00fcltige URL enthalten\",\"global_message\":\"This field must contain a valid url\",\"global\":true}},\"subject\":{\"required\":{\"value\":false,\"message\":\"Dieses Feld ist erforderlich\",\"global\":true,\"global_message\":\"This field is required\"}},\"message\":{\"required\":{\"value\":true,\"message\":\"Dieses Feld ist erforderlich\",\"global\":true,\"global_message\":\"This field is required\"}}},\"debounce_time\":300};\n                            <\/script>\n                        <\/div>\n\n            \t\t\t\t<\/div>\n\t\t\t\t<\/div>\n\t\t\t\t\t<\/div>\n\t\t<\/div>\n\t\t\t\t\t<\/div>\n\t\t<\/section>\n\t\t\t\t\t<\/div>\n\t\t<\/div>\n\t\t\t\t\t<\/div>\n\t\t<\/section>\n\t\t\t\t<section class=\"elementor-section elementor-top-section elementor-element elementor-element-d0d798b elementor-section-boxed elementor-section-height-default elementor-section-height-default\" data-id=\"d0d798b\" data-element_type=\"section\" data-e-type=\"section\">\n\t\t\t\t\t\t<div class=\"elementor-container elementor-column-gap-default\">\n\t\t\t\t\t<div class=\"elementor-column elementor-col-100 elementor-top-column elementor-element elementor-element-e0a1452\" data-id=\"e0a1452\" data-element_type=\"column\" data-e-type=\"column\">\n\t\t\t<div class=\"elementor-widget-wrap elementor-element-populated\">\n\t\t\t\t\t\t<div class=\"elementor-element elementor-element-242e3ee elementor-widget elementor-widget-text-editor\" data-id=\"242e3ee\" data-element_type=\"widget\" data-e-type=\"widget\" data-widget_type=\"text-editor.default\">\n\t\t\t\t<div class=\"elementor-widget-container\">\n\t\t\t\t\t\t\t\t\t<h3 data-start=\"1430\" data-end=\"1449\">Wie wir vorgehen<\/h3><p data-start=\"1451\" data-end=\"1520\">Jede Zusammenarbeit beginnt mit einem <strong data-start=\"1489\" data-end=\"1519\">vertraulichen Erstgespr\u00e4ch<\/strong>.<\/p><p data-start=\"1522\" data-end=\"1541\">In diesem Gespr\u00e4ch:<\/p><ul data-start=\"1542\" data-end=\"1805\"><li data-start=\"1542\" data-end=\"1620\"><p data-start=\"1544\" data-end=\"1620\">kl\u00e4ren wir den Kontext Ihres KI-Systems und der betroffenen Entscheidungen<\/p><\/li><li data-start=\"1621\" data-end=\"1668\"><p data-start=\"1623\" data-end=\"1668\">identifizieren m\u00f6gliche fr\u00fche Risikosignale<\/p><\/li><li data-start=\"1669\" data-end=\"1805\"><p data-start=\"1671\" data-end=\"1805\">empfehlen einen passenden Einstieg (z. B. <em data-start=\"1713\" data-end=\"1738\">AI Decision Risk Review<\/em>, <em data-start=\"1740\" data-end=\"1768\">Cognitive Drift Risk Audit<\/em> oder <em data-start=\"1774\" data-end=\"1802\">Governance Readiness Audit<\/em>)<\/p><\/li><\/ul><p data-start=\"1807\" data-end=\"1880\">Sollte kein klarer Mehrwert erkennbar sein, kommunizieren wir dies offen.<\/p>\t\t\t\t\t\t\t\t<\/div>\n\t\t\t\t<\/div>\n\t\t\t\t\t<\/div>\n\t\t<\/div>\n\t\t\t\t\t<\/div>\n\t\t<\/section>\n\t\t\t\t<\/div>\n\t\t","protected":false},"excerpt":{"rendered":"<p>KI-Entscheidungsrisiken werden oft zu sp\u00e4t erkannt. Wir helfen, sie fr\u00fcher sichtbar zu machen. Das Regen AI Institute unterst\u00fctzt Organisationen, die KI-gest\u00fctzte Entscheidungsprozesse einsetzen oder skalieren, bei der fr\u00fchzeitigen Identifikation von Entscheidungsrisiken, kognitivem Drift und Governance-L\u00fccken \u2014 bevor diese zu operativen, regulatorischen&#8230;<\/p>","protected":false},"author":1,"featured_media":0,"parent":0,"menu_order":0,"comment_status":"closed","ping_status":"closed","template":"","meta":{"nf_dc_page":"","om_disable_all_campaigns":false,"_monsterinsights_skip_tracking":false,"_monsterinsights_sitenote_active":false,"_monsterinsights_sitenote_note":"","_monsterinsights_sitenote_category":0,"footnotes":""},"class_list":["post-15088","page","type-page","status-publish","hentry"],"yoast_head":"<!-- This site is optimized with the Yoast SEO plugin v27.3 - https:\/\/yoast.com\/product\/yoast-seo-wordpress\/ -->\n<title>Kontakt - Institute For Regenerative AI<\/title>\n<meta name=\"robots\" content=\"index, follow, max-snippet:-1, max-image-preview:large, max-video-preview:-1\" \/>\n<link rel=\"canonical\" href=\"https:\/\/instituteforregenerativeai.com\/de\/kontakt\/\" \/>\n<meta property=\"og:locale\" content=\"de_DE\" \/>\n<meta property=\"og:type\" content=\"article\" \/>\n<meta property=\"og:title\" content=\"Kontakt - Institute For Regenerative AI\" \/>\n<meta property=\"og:description\" content=\"KI-Entscheidungsrisiken werden oft zu sp\u00e4t erkannt. Wir helfen, sie fr\u00fcher sichtbar zu machen. Das Regen AI Institute unterst\u00fctzt Organisationen, die KI-gest\u00fctzte Entscheidungsprozesse einsetzen oder skalieren, bei der fr\u00fchzeitigen Identifikation von Entscheidungsrisiken, kognitivem Drift und Governance-L\u00fccken \u2014 bevor diese zu operativen, regulatorischen...\" \/>\n<meta property=\"og:url\" content=\"https:\/\/instituteforregenerativeai.com\/de\/kontakt\/\" \/>\n<meta property=\"og:site_name\" content=\"Institute For Regenerative AI\" \/>\n<meta property=\"article:modified_time\" content=\"2025-12-17T07:35:03+00:00\" \/>\n<meta name=\"twitter:card\" content=\"summary_large_image\" \/>\n<meta name=\"twitter:label1\" content=\"Gesch\u00e4tzte Lesezeit\" \/>\n\t<meta name=\"twitter:data1\" content=\"1\u00a0Minute\" \/>\n<script type=\"application\/ld+json\" class=\"yoast-schema-graph\">{\"@context\":\"https:\\\/\\\/schema.org\",\"@graph\":[{\"@type\":\"WebPage\",\"@id\":\"https:\\\/\\\/instituteforregenerativeai.com\\\/de\\\/kontakt\\\/\",\"url\":\"https:\\\/\\\/instituteforregenerativeai.com\\\/de\\\/kontakt\\\/\",\"name\":\"Kontakt - Institute For Regenerative AI\",\"isPartOf\":{\"@id\":\"https:\\\/\\\/instituteforregenerativeai.com\\\/de\\\/#website\"},\"datePublished\":\"2025-12-16T19:26:21+00:00\",\"dateModified\":\"2025-12-17T07:35:03+00:00\",\"breadcrumb\":{\"@id\":\"https:\\\/\\\/instituteforregenerativeai.com\\\/de\\\/kontakt\\\/#breadcrumb\"},\"inLanguage\":\"de\",\"potentialAction\":[{\"@type\":\"ReadAction\",\"target\":[\"https:\\\/\\\/instituteforregenerativeai.com\\\/de\\\/kontakt\\\/\"]}]},{\"@type\":\"BreadcrumbList\",\"@id\":\"https:\\\/\\\/instituteforregenerativeai.com\\\/de\\\/kontakt\\\/#breadcrumb\",\"itemListElement\":[{\"@type\":\"ListItem\",\"position\":1,\"name\":\"Home\",\"item\":\"https:\\\/\\\/instituteforregenerativeai.com\\\/de\\\/institut-fur-regenerative-ki-systeme\\\/\"},{\"@type\":\"ListItem\",\"position\":2,\"name\":\"Kontakt\"}]},{\"@type\":\"WebSite\",\"@id\":\"https:\\\/\\\/instituteforregenerativeai.com\\\/de\\\/#website\",\"url\":\"https:\\\/\\\/instituteforregenerativeai.com\\\/de\\\/\",\"name\":\"Institute For Regenerative AI\",\"description\":\"Empowering innovation through regenerative AI solutions, fostering sustainable development and transformative technologies for a better future.\",\"potentialAction\":[{\"@type\":\"SearchAction\",\"target\":{\"@type\":\"EntryPoint\",\"urlTemplate\":\"https:\\\/\\\/instituteforregenerativeai.com\\\/de\\\/?s={search_term_string}\"},\"query-input\":{\"@type\":\"PropertyValueSpecification\",\"valueRequired\":true,\"valueName\":\"search_term_string\"}}],\"inLanguage\":\"de\"}]}<\/script>\n<!-- \/ Yoast SEO plugin. -->","yoast_head_json":{"title":"Kontakt - Institute For Regenerative AI","robots":{"index":"index","follow":"follow","max-snippet":"max-snippet:-1","max-image-preview":"max-image-preview:large","max-video-preview":"max-video-preview:-1"},"canonical":"https:\/\/instituteforregenerativeai.com\/de\/kontakt\/","og_locale":"de_DE","og_type":"article","og_title":"Kontakt - Institute For Regenerative AI","og_description":"KI-Entscheidungsrisiken werden oft zu sp\u00e4t erkannt. Wir helfen, sie fr\u00fcher sichtbar zu machen. Das Regen AI Institute unterst\u00fctzt Organisationen, die KI-gest\u00fctzte Entscheidungsprozesse einsetzen oder skalieren, bei der fr\u00fchzeitigen Identifikation von Entscheidungsrisiken, kognitivem Drift und Governance-L\u00fccken \u2014 bevor diese zu operativen, regulatorischen...","og_url":"https:\/\/instituteforregenerativeai.com\/de\/kontakt\/","og_site_name":"Institute For Regenerative AI","article_modified_time":"2025-12-17T07:35:03+00:00","twitter_card":"summary_large_image","twitter_misc":{"Gesch\u00e4tzte Lesezeit":"1\u00a0Minute"},"schema":{"@context":"https:\/\/schema.org","@graph":[{"@type":"WebPage","@id":"https:\/\/instituteforregenerativeai.com\/de\/kontakt\/","url":"https:\/\/instituteforregenerativeai.com\/de\/kontakt\/","name":"Kontakt - Institute For Regenerative AI","isPartOf":{"@id":"https:\/\/instituteforregenerativeai.com\/de\/#website"},"datePublished":"2025-12-16T19:26:21+00:00","dateModified":"2025-12-17T07:35:03+00:00","breadcrumb":{"@id":"https:\/\/instituteforregenerativeai.com\/de\/kontakt\/#breadcrumb"},"inLanguage":"de","potentialAction":[{"@type":"ReadAction","target":["https:\/\/instituteforregenerativeai.com\/de\/kontakt\/"]}]},{"@type":"BreadcrumbList","@id":"https:\/\/instituteforregenerativeai.com\/de\/kontakt\/#breadcrumb","itemListElement":[{"@type":"ListItem","position":1,"name":"Home","item":"https:\/\/instituteforregenerativeai.com\/de\/institut-fur-regenerative-ki-systeme\/"},{"@type":"ListItem","position":2,"name":"Kontakt"}]},{"@type":"WebSite","@id":"https:\/\/instituteforregenerativeai.com\/de\/#website","url":"https:\/\/instituteforregenerativeai.com\/de\/","name":"Institut F\u00fcr Regenerative AI","description":"St\u00e4rkung der Innovation durch regenerative KI-L\u00f6sungen, F\u00f6rderung der nachhaltigen Entwicklung und transformative Technologien f\u00fcr eine bessere Zukunft.","potentialAction":[{"@type":"SearchAction","target":{"@type":"EntryPoint","urlTemplate":"https:\/\/instituteforregenerativeai.com\/de\/?s={search_term_string}"},"query-input":{"@type":"PropertyValueSpecification","valueRequired":true,"valueName":"search_term_string"}}],"inLanguage":"de"}]}},"jetpack_sharing_enabled":true,"_links":{"self":[{"href":"https:\/\/instituteforregenerativeai.com\/de\/wp-json\/wp\/v2\/pages\/15088","targetHints":{"allow":["GET"]}}],"collection":[{"href":"https:\/\/instituteforregenerativeai.com\/de\/wp-json\/wp\/v2\/pages"}],"about":[{"href":"https:\/\/instituteforregenerativeai.com\/de\/wp-json\/wp\/v2\/types\/page"}],"author":[{"embeddable":true,"href":"https:\/\/instituteforregenerativeai.com\/de\/wp-json\/wp\/v2\/users\/1"}],"replies":[{"embeddable":true,"href":"https:\/\/instituteforregenerativeai.com\/de\/wp-json\/wp\/v2\/comments?post=15088"}],"version-history":[{"count":13,"href":"https:\/\/instituteforregenerativeai.com\/de\/wp-json\/wp\/v2\/pages\/15088\/revisions"}],"predecessor-version":[{"id":15108,"href":"https:\/\/instituteforregenerativeai.com\/de\/wp-json\/wp\/v2\/pages\/15088\/revisions\/15108"}],"wp:attachment":[{"href":"https:\/\/instituteforregenerativeai.com\/de\/wp-json\/wp\/v2\/media?parent=15088"}],"curies":[{"name":"wp","href":"https:\/\/api.w.org\/{rel}","templated":true}]}}